{"id":1350,"date":"2024-03-15T14:11:24","date_gmt":"2024-03-15T14:11:24","guid":{"rendered":"https:\/\/www.rescue.lv\/?page_id=1350"},"modified":"2026-01-19T13:50:47","modified_gmt":"2026-01-19T13:50:47","slug":"vehicles","status":"publish","type":"page","link":"https:\/\/www.rescue.lv\/lv\/vehicles\/","title":{"rendered":"Transportl\u012bdzek\u013ci"},"content":{"rendered":"<div data-elementor-type=\"wp-page\" data-elementor-id=\"1350\" class=\"elementor elementor-1350\">\n\t\t\t\t\t\t<section class=\"elementor-section elementor-top-section elementor-element elementor-element-976cfd8 elementor-section-boxed elementor-section-height-default elementor-section-height-default\" data-id=\"976cfd8\" data-element_type=\"section\" data-e-type=\"section\" data-settings=\"{&quot;background_background&quot;:&quot;classic&quot;}\">\n\t\t\t\t\t\t\t<div class=\"elementor-background-overlay\"><\/div>\n\t\t\t\t\t\t\t<div class=\"elementor-container elementor-column-gap-no\">\n\t\t\t\t\t<div class=\"elementor-column elementor-col-100 elementor-top-column elementor-element elementor-element-15114ca\" data-id=\"15114ca\" data-element_type=\"column\" data-e-type=\"column\">\n\t\t\t<div class=\"elementor-widget-wrap elementor-element-populated\">\n\t\t\t\t\t\t<div class=\"elementor-element elementor-element-8ff1281 elementor-widget elementor-widget-heading\" data-id=\"8ff1281\" data-element_type=\"widget\" data-e-type=\"widget\" data-widget_type=\"heading.default\">\n\t\t\t\t<div class=\"elementor-widget-container\">\n\t\t\t\t\t<h1 class=\"elementor-heading-title elementor-size-default\">Transportl\u012bdzek\u013ci<\/h1>\t\t\t\t<\/div>\n\t\t\t\t<\/div>\n\t\t\t\t<div class=\"elementor-element elementor-element-3b5d4b4 elementor-widget-divider--view-line elementor-widget elementor-widget-divider\" data-id=\"3b5d4b4\" data-element_type=\"widget\" data-e-type=\"widget\" data-widget_type=\"divider.default\">\n\t\t\t\t<div class=\"elementor-widget-container\">\n\t\t\t\t\t\t\t<div class=\"elementor-divider\">\n\t\t\t<span class=\"elementor-divider-separator\">\n\t\t\t\t\t\t<\/span>\n\t\t<\/div>\n\t\t\t\t\t\t<\/div>\n\t\t\t\t<\/div>\n\t\t\t\t\t<\/div>\n\t\t<\/div>\n\t\t\t\t\t<\/div>\n\t\t<\/section>\n\t\t\t\t<section class=\"elementor-section elementor-top-section elementor-element elementor-element-df04508 elementor-section-boxed elementor-section-height-default elementor-section-height-default\" data-id=\"df04508\" data-element_type=\"section\" data-e-type=\"section\" data-settings=\"{&quot;background_background&quot;:&quot;classic&quot;}\">\n\t\t\t\t\t\t<div class=\"elementor-container elementor-column-gap-no\">\n\t\t\t\t\t<div class=\"elementor-column elementor-col-100 elementor-top-column elementor-element elementor-element-ab5b705\" data-id=\"ab5b705\" data-element_type=\"column\" data-e-type=\"column\">\n\t\t\t<div class=\"elementor-widget-wrap elementor-element-populated\">\n\t\t\t\t\t\t<div class=\"elementor-element elementor-element-5161344 elementor-position-right elementor-vertical-align-middle elementor-widget elementor-widget-image-box\" data-id=\"5161344\" data-element_type=\"widget\" data-e-type=\"widget\" data-widget_type=\"image-box.default\">\n\t\t\t\t<div class=\"elementor-widget-container\">\n\t\t\t\t\t<div class=\"elementor-image-box-wrapper\"><figure class=\"elementor-image-box-img\"><a href=\"https:\/\/cambli.com\/en\/\" tabindex=\"-1\"><img fetchpriority=\"high\" decoding=\"async\" width=\"967\" height=\"604\" src=\"https:\/\/www.rescue.lv\/wp-content\/uploads\/2026\/01\/Cambli.jpeg\" class=\"attachment-full size-full wp-image-1435\" alt=\"\" srcset=\"https:\/\/www.rescue.lv\/wp-content\/uploads\/2026\/01\/Cambli.jpeg 967w, https:\/\/www.rescue.lv\/wp-content\/uploads\/2026\/01\/Cambli-300x187.jpeg 300w, https:\/\/www.rescue.lv\/wp-content\/uploads\/2026\/01\/Cambli-768x480.jpeg 768w, https:\/\/www.rescue.lv\/wp-content\/uploads\/2026\/01\/Cambli-18x12.jpeg 18w\" sizes=\"(max-width: 967px) 100vw, 967px\" \/><\/a><\/figure><div class=\"elementor-image-box-content\"><h3 class=\"elementor-image-box-title\"><a href=\"https:\/\/cambli.com\/en\/\">CAMBLI BlackWolf<\/a><\/h3><p class=\"elementor-image-box-description\">Latvijas un Kan\u0101das sadarb\u012bbas ietvaros tiek att\u012bst\u012btas iesp\u0113jas BlackWolf platformu integr\u0113t un komplekt\u0113t Latvij\u0101. \u0160\u012b pieeja apvieno starptautisku tehnolo\u0123iju pieredzi ar viet\u0113jo industrijas kapacit\u0101ti un veido ilgtsp\u0113j\u012bgu sadarb\u012bbas modeli. CAMBLI BlackWolf ir moderna taktiska bru\u0146ota ma\u0161\u012bna, kas apvieno augstu aizsardz\u012bbas l\u012bmeni, mobilit\u0101ti un piel\u0101gojam\u012bbu da\u017e\u0101d\u0101m operat\u012bvaj\u0101m vajadz\u012bb\u0101m. Transportl\u012bdzeklis ir izstr\u0101d\u0101ts k\u0101 daudzfunkcion\u0101la platforma, kuru iesp\u0113jams konfigur\u0113t atbilsto\u0161i gan policijas, gan milit\u0101ro vien\u012bbu uzdevumiem, nodro\u0161inot elast\u012bbu da\u017e\u0101dos dro\u0161\u012bbas un aizsardz\u012bbas scen\u0101rijos.\u00a0\u00a0<\/p><\/div><\/div>\t\t\t\t<\/div>\n\t\t\t\t<\/div>\n\t\t\t\t<div class=\"elementor-element elementor-element-8af43ce elementor-position-left elementor-vertical-align-middle elementor-widget elementor-widget-image-box\" data-id=\"8af43ce\" data-element_type=\"widget\" data-e-type=\"widget\" data-widget_type=\"image-box.default\">\n\t\t\t\t<div class=\"elementor-widget-container\">\n\t\t\t\t\t<div class=\"elementor-image-box-wrapper\"><figure class=\"elementor-image-box-img\"><a href=\"https:\/\/etictrucks.com\/\" tabindex=\"-1\"><img decoding=\"async\" width=\"1200\" height=\"520\" src=\"https:\/\/www.rescue.lv\/wp-content\/uploads\/2024\/03\/Rescue-Dynamics-Vehicles-01.jpg\" class=\"attachment-full size-full wp-image-1358\" alt=\"Rescue Dynamics Truck Body Building\" srcset=\"https:\/\/www.rescue.lv\/wp-content\/uploads\/2024\/03\/Rescue-Dynamics-Vehicles-01.jpg 1200w, https:\/\/www.rescue.lv\/wp-content\/uploads\/2024\/03\/Rescue-Dynamics-Vehicles-01-300x130.jpg 300w, https:\/\/www.rescue.lv\/wp-content\/uploads\/2024\/03\/Rescue-Dynamics-Vehicles-01-1024x444.jpg 1024w, https:\/\/www.rescue.lv\/wp-content\/uploads\/2024\/03\/Rescue-Dynamics-Vehicles-01-768x333.jpg 768w, https:\/\/www.rescue.lv\/wp-content\/uploads\/2024\/03\/Rescue-Dynamics-Vehicles-01-18x8.jpg 18w\" sizes=\"(max-width: 1200px) 100vw, 1200px\" \/><\/a><\/figure><div class=\"elementor-image-box-content\"><h3 class=\"elementor-image-box-title\"><a href=\"https:\/\/etictrucks.com\/\">Transporta sist\u0113mas un integr\u0101cija<\/a><\/h3><p class=\"elementor-image-box-description\">Celt\u0146us, pac\u0113l\u0101ju ar \u0101\u0137i un pa\u0161izg\u0101z\u0113ju uz kravas automa\u0161\u012bn\u0101m un uz papildu \u0161asijas projekt\u0113\u0161ana un uzst\u0101d\u012b\u0161ana, lai izveidotu ievie\u0161anai un lieto\u0161anai gatavas transporta vien\u012bbas.<\/p><\/div><\/div>\t\t\t\t<\/div>\n\t\t\t\t<\/div>\n\t\t\t\t\t<\/div>\n\t\t<\/div>\n\t\t\t\t\t<\/div>\n\t\t<\/section>\n\t\t\t\t<section class=\"elementor-section elementor-top-section elementor-element elementor-element-94d4e56 elementor-section-height-min-height elementor-section-boxed elementor-section-height-default elementor-section-items-middle\" data-id=\"94d4e56\" data-element_type=\"section\" data-e-type=\"section\" data-settings=\"{&quot;background_background&quot;:&quot;classic&quot;}\">\n\t\t\t\t\t\t\t<div class=\"elementor-background-overlay\"><\/div>\n\t\t\t\t\t\t\t<div class=\"elementor-container elementor-column-gap-no\">\n\t\t\t\t\t<div class=\"elementor-column elementor-col-100 elementor-top-column elementor-element elementor-element-a0be0d7\" data-id=\"a0be0d7\" data-element_type=\"column\" data-e-type=\"column\">\n\t\t\t<div class=\"elementor-widget-wrap elementor-element-populated\">\n\t\t\t\t\t\t<div class=\"elementor-element elementor-element-2ba9c03 elementor-widget elementor-widget-heading\" data-id=\"2ba9c03\" data-element_type=\"widget\" data-e-type=\"widget\" data-widget_type=\"heading.default\">\n\t\t\t\t<div class=\"elementor-widget-container\">\n\t\t\t\t\t<h6 class=\"elementor-heading-title elementor-size-default\">Sazinies ar mums<\/h6>\t\t\t\t<\/div>\n\t\t\t\t<\/div>\n\t\t\t\t<div class=\"elementor-element elementor-element-4cbe706 elementor-widget elementor-widget-heading\" data-id=\"4cbe706\" data-element_type=\"widget\" data-e-type=\"widget\" data-widget_type=\"heading.default\">\n\t\t\t\t<div class=\"elementor-widget-container\">\n\t\t\t\t\t<h2 class=\"elementor-heading-title elementor-size-default\">Kravas auto izb\u016bves programma<\/h2>\t\t\t\t<\/div>\n\t\t\t\t<\/div>\n\t\t\t\t<div class=\"elementor-element elementor-element-a5367b3 elementor-widget elementor-widget-text-editor\" data-id=\"a5367b3\" data-element_type=\"widget\" data-e-type=\"widget\" data-widget_type=\"text-editor.default\">\n\t\t\t\t<div class=\"elementor-widget-container\">\n\t\t\t\t\t\t\t\t\t<p>Uzziniet visu pakalpojumu kl\u0101stu, sazinoties ar m\u016bsu darbiniekiem<\/p>\t\t\t\t\t\t\t\t<\/div>\n\t\t\t\t<\/div>\n\t\t\t\t<div class=\"elementor-element elementor-element-717539f elementor-align-center elementor-widget__width-initial elementor-widget elementor-widget-button\" data-id=\"717539f\" data-element_type=\"widget\" data-e-type=\"widget\" data-widget_type=\"button.default\">\n\t\t\t\t<div class=\"elementor-widget-container\">\n\t\t\t\t\t\t\t\t\t<div class=\"elementor-button-wrapper\">\n\t\t\t\t\t<a class=\"elementor-button elementor-button-link elementor-size-sm\" href=\"mailto:info@rescue.com\">\n\t\t\t\t\t\t<span class=\"elementor-button-content-wrapper\">\n\t\t\t\t\t\t\t\t\t<span class=\"elementor-button-text\">Nos\u016btiet mums e-pastu<\/span>\n\t\t\t\t\t<\/span>\n\t\t\t\t\t<\/a>\n\t\t\t\t<\/div>\n\t\t\t\t\t\t\t\t<\/div>\n\t\t\t\t<\/div>\n\t\t\t\t\t<\/div>\n\t\t<\/div>\n\t\t\t\t\t<\/div>\n\t\t<\/section>\n\t\t\t\t<\/div>","protected":false},"excerpt":{"rendered":"<p>Vehicles CAMBLI BlackWolf Within the framework of cooperation between Latvia and Canada, opportunities are being developed to integrate and assemble the BlackWolf platform in Latvia. This approach combines international technological expertise with local industrial capability and establishes a sustainable model of cooperation. CAMBLI BlackWolf is a modern tactical armoured vehicle that combines a high level [&hellip;]<\/p>\n","protected":false},"author":1,"featured_media":1343,"parent":0,"menu_order":0,"comment_status":"closed","ping_status":"closed","template":"","meta":{"site-sidebar-layout":"no-sidebar","site-content-layout":"page-builder","ast-site-content-layout":"full-width-container","site-content-style":"unboxed","site-sidebar-style":"unboxed","ast-global-header-display":"","ast-banner-title-visibility":"","ast-main-header-display":"","ast-hfb-above-header-display":"","ast-hfb-below-header-display":"","ast-hfb-mobile-header-display":"","site-post-title":"disabled","ast-breadcrumbs-content":"disabled","ast-featured-img":"disabled","footer-sml-layout":"","ast-disable-related-posts":"","theme-transparent-header-meta":"enabled","adv-header-id-meta":"","stick-header-meta":"","header-above-stick-meta":"","header-main-stick-meta":"","header-below-stick-meta":"","astra-migrate-meta-layouts":"set","ast-page-background-enabled":"default","ast-page-background-meta":{"desktop":{"background-color":"","background-image":"","background-repeat":"repeat","background-position":"center center","background-size":"auto","background-attachment":"scroll","background-type":"","background-media":"","overlay-type":"","overlay-color":"","overlay-opacity":"","overlay-gradient":""},"tablet":{"background-color":"","background-image":"","background-repeat":"repeat","background-position":"center center","background-size":"auto","background-attachment":"scroll","background-type":"","background-media":"","overlay-type":"","overlay-color":"","overlay-opacity":"","overlay-gradient":""},"mobile":{"background-color":"","background-image":"","background-repeat":"repeat","background-position":"center center","background-size":"auto","background-attachment":"scroll","background-type":"","background-media":"","overlay-type":"","overlay-color":"","overlay-opacity":"","overlay-gradient":""}},"ast-content-background-meta":{"desktop":{"background-color":"var(--ast-global-color-5)","background-image":"","background-repeat":"repeat","background-position":"center center","background-size":"auto","background-attachment":"scroll","background-type":"","background-media":"","overlay-type":"","overlay-color":"","overlay-opacity":"","overlay-gradient":""},"tablet":{"background-color":"var(--ast-global-color-5)","background-image":"","background-repeat":"repeat","background-position":"center center","background-size":"auto","background-attachment":"scroll","background-type":"","background-media":"","overlay-type":"","overlay-color":"","overlay-opacity":"","overlay-gradient":""},"mobile":{"background-color":"var(--ast-global-color-5)","background-image":"","background-repeat":"repeat","background-position":"center center","background-size":"auto","background-attachment":"scroll","background-type":"","background-media":"","overlay-type":"","overlay-color":"","overlay-opacity":"","overlay-gradient":""}},"footnotes":""},"class_list":["post-1350","page","type-page","status-publish","has-post-thumbnail","hentry"],"aioseo_notices":[],"_links":{"self":[{"href":"https:\/\/www.rescue.lv\/lv\/wp-json\/wp\/v2\/pages\/1350","targetHints":{"allow":["GET"]}}],"collection":[{"href":"https:\/\/www.rescue.lv\/lv\/wp-json\/wp\/v2\/pages"}],"about":[{"href":"https:\/\/www.rescue.lv\/lv\/wp-json\/wp\/v2\/types\/page"}],"author":[{"embeddable":true,"href":"https:\/\/www.rescue.lv\/lv\/wp-json\/wp\/v2\/users\/1"}],"replies":[{"embeddable":true,"href":"https:\/\/www.rescue.lv\/lv\/wp-json\/wp\/v2\/comments?post=1350"}],"version-history":[{"count":29,"href":"https:\/\/www.rescue.lv\/lv\/wp-json\/wp\/v2\/pages\/1350\/revisions"}],"predecessor-version":[{"id":1512,"href":"https:\/\/www.rescue.lv\/lv\/wp-json\/wp\/v2\/pages\/1350\/revisions\/1512"}],"wp:featuredmedia":[{"embeddable":true,"href":"https:\/\/www.rescue.lv\/lv\/wp-json\/wp\/v2\/media\/1343"}],"wp:attachment":[{"href":"https:\/\/www.rescue.lv\/lv\/wp-json\/wp\/v2\/media?parent=1350"}],"curies":[{"name":"wp","href":"https:\/\/api.w.org\/{rel}","templated":true}]}}