{"id":1183,"date":"2023-04-17T13:00:25","date_gmt":"2023-04-17T13:00:25","guid":{"rendered":"https:\/\/www.rescue.lv\/?page_id=1183"},"modified":"2023-04-20T08:42:44","modified_gmt":"2023-04-20T08:42:44","slug":"cookies-policy","status":"publish","type":"page","link":"https:\/\/www.rescue.lv\/lv\/cookies-policy\/","title":{"rendered":"S\u012bkdat\u0146u politika"},"content":{"rendered":"<div data-elementor-type=\"wp-page\" data-elementor-id=\"1183\" class=\"elementor elementor-1183\">\n\t\t\t\t\t\t<section class=\"elementor-section elementor-top-section elementor-element elementor-element-3549248 elementor-section-boxed elementor-section-height-default elementor-section-height-default\" data-id=\"3549248\" data-element_type=\"section\" data-e-type=\"section\" data-settings=\"{&quot;background_background&quot;:&quot;classic&quot;}\">\n\t\t\t\t\t\t<div class=\"elementor-container elementor-column-gap-no\">\n\t\t\t\t\t<div class=\"elementor-column elementor-col-100 elementor-top-column elementor-element elementor-element-073fbb5\" data-id=\"073fbb5\" data-element_type=\"column\" data-e-type=\"column\">\n\t\t\t<div class=\"elementor-widget-wrap elementor-element-populated\">\n\t\t\t\t\t\t<div class=\"elementor-element elementor-element-5158c6c elementor-widget elementor-widget-heading\" data-id=\"5158c6c\" data-element_type=\"widget\" data-e-type=\"widget\" data-widget_type=\"heading.default\">\n\t\t\t\t<div class=\"elementor-widget-container\">\n\t\t\t\t\t<h1 class=\"elementor-heading-title elementor-size-default\">S\u012bkdat\u0146u politika<\/h1>\t\t\t\t<\/div>\n\t\t\t\t<\/div>\n\t\t\t\t<div class=\"elementor-element elementor-element-d8a3f71 elementor-widget-divider--view-line elementor-widget elementor-widget-divider\" data-id=\"d8a3f71\" data-element_type=\"widget\" data-e-type=\"widget\" data-widget_type=\"divider.default\">\n\t\t\t\t<div class=\"elementor-widget-container\">\n\t\t\t\t\t\t\t<div class=\"elementor-divider\">\n\t\t\t<span class=\"elementor-divider-separator\">\n\t\t\t\t\t\t<\/span>\n\t\t<\/div>\n\t\t\t\t\t\t<\/div>\n\t\t\t\t<\/div>\n\t\t\t\t\t<\/div>\n\t\t<\/div>\n\t\t\t\t\t<\/div>\n\t\t<\/section>\n\t\t\t\t<section class=\"elementor-section elementor-top-section elementor-element elementor-element-2f18ee5 elementor-section-boxed elementor-section-height-default elementor-section-height-default\" data-id=\"2f18ee5\" data-element_type=\"section\" data-e-type=\"section\" data-settings=\"{&quot;background_background&quot;:&quot;classic&quot;}\">\n\t\t\t\t\t\t<div class=\"elementor-container elementor-column-gap-no\">\n\t\t\t\t\t<div class=\"elementor-column elementor-col-100 elementor-top-column elementor-element elementor-element-6a8c82c\" data-id=\"6a8c82c\" data-element_type=\"column\" data-e-type=\"column\">\n\t\t\t<div class=\"elementor-widget-wrap elementor-element-populated\">\n\t\t\t\t\t\t<section class=\"elementor-section elementor-inner-section elementor-element elementor-element-bc81c37 elementor-section-boxed elementor-section-height-default elementor-section-height-default\" data-id=\"bc81c37\" data-element_type=\"section\" data-e-type=\"section\">\n\t\t\t\t\t\t<div class=\"elementor-container elementor-column-gap-default\">\n\t\t\t\t\t<div class=\"elementor-column elementor-col-100 elementor-inner-column elementor-element elementor-element-4ac7565\" data-id=\"4ac7565\" data-element_type=\"column\" data-e-type=\"column\">\n\t\t\t<div class=\"elementor-widget-wrap elementor-element-populated\">\n\t\t\t\t\t\t<div class=\"elementor-element elementor-element-128017c elementor-widget elementor-widget-heading\" data-id=\"128017c\" data-element_type=\"widget\" data-e-type=\"widget\" data-widget_type=\"heading.default\">\n\t\t\t\t<div class=\"elementor-widget-container\">\n\t\t\t\t\t<h2 class=\"elementor-heading-title elementor-size-default\">S\u012bkdat\u0146u izmanto\u0161ana<\/h2>\t\t\t\t<\/div>\n\t\t\t\t<\/div>\n\t\t\t\t<div class=\"elementor-element elementor-element-fbcd514 elementor-widget elementor-widget-text-editor\" data-id=\"fbcd514\" data-element_type=\"widget\" data-e-type=\"widget\" data-widget_type=\"text-editor.default\">\n\t\t\t\t<div class=\"elementor-widget-container\">\n\t\t\t\t\t\t\t\t\t<p>\u0160\u012b vietne izmanto s\u012bkdatnes, lai uzlabotu vietnes lieto\u0161anas pieredzi, nov\u0113rt\u0113tu vietnes apmekl\u0113jumu statistiku, nodro\u0161in\u0101tu t\u0101s veiktsp\u0113ju un funkcionalit\u0101ti utt. Aicin\u0101m j\u016bs uzzin\u0101t vair\u0101k par \u0161aj\u0101 vietn\u0113 izmantotaj\u0101m s\u012bkdatn\u0113m.<\/p><h5>Kas ir s\u012bkfaili?<\/h5><p>S\u012bkfaili ir mazi teksta faili, kas tiek saglab\u0101ti p\u0101rl\u016bkprogramm\u0101 (piem\u0113ram, Google Chrome, Internet Explorer, Firefox, Safari u.c.) vai lietot\u0101ja datora vai mobil\u0101s ier\u012bces cietaj\u0101 disk\u0101, kad lietot\u0101js apmekl\u0113 t\u012bmek\u013ca lapu. T\u0101d\u0113j\u0101di ar s\u012bkdat\u0146u pal\u012bdz\u012bbu vietne ieg\u016bst iesp\u0113ju uztur\u0113t lietot\u0101ja individu\u0101los iestat\u012bjumus, tos atpaz\u012bt un attiec\u012bgi rea\u0123\u0113t. Lietot\u0101js var atsp\u0113jot vai ierobe\u017eot s\u012bkdat\u0146u izmanto\u0161anu, ta\u010du bez s\u012bkdatnes neb\u016bs iesp\u0113jams piln\u012bb\u0101 izmantot visas vietnes iesp\u0113jas.<\/p><h5>K\u0101das s\u012bkdatnes m\u0113s izmantojam un k\u0101diem nol\u016bkiem?<\/h5><p>Tiek izmantoti vair\u0101ku veidu s\u012bkdatnes (past\u0101v\u012bg\u0101s un sesijas). Atkar\u012bb\u0101 no veicamaj\u0101m funkcij\u0101m un lieto\u0161anas m\u0113r\u0137a m\u0113s izmantojam tehnisk\u0101s vai nepiecie\u0161am\u0101s s\u012bkdatnes un anal\u012btiskos s\u012bkfailus.<\/p><h5>Tehnisk\u0101s s\u012bkdatnes<\/h5><p>\u0160\u012bs s\u012bkdatnes ir nepiecie\u0161amas, lai j\u016bs var\u0113tu apmekl\u0113t un p\u0101rl\u016bkot t\u012bmek\u013ca vietnes saturu un izmantot t\u0101s pied\u0101v\u0101t\u0101s funkcijas. \u0160\u012bs s\u012bkdatnes identific\u0113 lietot\u0101ja ier\u012bci, bet neatkl\u0101j t\u0101s identit\u0101ti un neapkopo vai neapkopo inform\u0101ciju. Bez \u0161\u012bm s\u012bkdatn\u0113m vietne nevar pareizi darboties, piem\u0113ram, sniegt nepiecie\u0161amo inform\u0101ciju, nodro\u0161in\u0101t piepras\u012btos pakalpojumus vai skat\u012bties piepras\u012bto video. \u0160\u012bs s\u012bkdatnes tiek glab\u0101tas lietot\u0101ja ier\u012bc\u0113, l\u012bdz s\u012bkdatne ir pabeigusi savu funkciju, bet ne ilg\u0101k k\u0101 divus gadus. \u0160\u012bs nepiecie\u0161am\u0101s s\u012bkdatnes tiek sak\u0101rtotas autom\u0101tiski. Ja tom\u0113r, izmantojot p\u0101rl\u016bkprogrammas pied\u0101v\u0101t\u0101s iesp\u0113jas, izv\u0113laties t\u0101s atsp\u0113jot, \u0146emiet v\u0113r\u0101, ka vietne nevar\u0113s pareizi darboties.<\/p><h5>Anal\u012btiskie s\u012bkfaili<\/h5><p>Anal\u012btisk\u0101s s\u012bkdatnes apkopo inform\u0101ciju par to, k\u0101 vietne tiek izmantota \u2013 atrod visbie\u017e\u0101k apmekl\u0113t\u0101s sada\u013cas, tostarp saturu, ko izv\u0113laties, p\u0101rl\u016bkojot vietni. Inform\u0101cija tiek izmantota anal\u012btiskiem nol\u016bkiem \u2013 lai noskaidrotu vietnes lietot\u0101ju interesi ir un var\u0113tu uzlabot vietnes funkcionalit\u0101ti, padarot to \u0113rt\u0101ku lieto\u0161anu. Anal\u012btisk\u0101s s\u012bkdatnes tikai identific\u0113 lietot\u0101ja ier\u012bci, bet neatkl\u0101j t\u0101s identit\u0101ti.<\/p><p>Da\u017eos gad\u012bjumos da\u017eus anal\u012btiskos s\u012bkfailus m\u016bsu viet\u0101 p\u0101rvalda tre\u0161\u0101s puses (saska\u0146\u0101 ar m\u016bsu nor\u0101d\u012bjumiem un tikai nor\u0101d\u012btajiem m\u0113r\u0137iem), piem\u0113ram, Google Analytics, ko izveidojis Google Inc. To s\u012bkfailu m\u0113r\u0137is ir uzlabot vietnes satura kvalit\u0101ti un satura piel\u0101go\u0161ana lietot\u0101ju vajadz\u012bb\u0101m. Vair\u0101k par Google Analytics pakalpojumu snieg\u0161anas noteikumiem varat las\u012bt vietn\u0113 http:\/\/www.google.com\/analytics\/terms\/us.html.<\/p><p>\u0160\u012bs s\u012bkdatnes tiek glab\u0101tas j\u016bsu objekt\u0101 ne ilg\u0101k k\u0101 divus gadus.<\/p><h5>S\u012bkdat\u0146u apstiprin\u0101\u0161ana<\/h5><p>Apmekl\u0113jot m\u016bsu vietni, tika par\u0101d\u012bts uznirsto\u0161ais pazi\u0146ojums, kas nor\u0101d\u012bja, ka vietn\u0113 tiek izmantotas s\u012bkdatnes. Turpinot izmantot m\u016bsu vietni, lietot\u0101js piekr\u012bt s\u012bkdat\u0146u izmanto\u0161anai.<\/p><p>Katrs lietot\u0101js var ierobe\u017eot un dz\u0113st s\u012bkfailus jebkuras t\u012bmek\u013ca p\u0101rl\u016bkprogrammas dro\u0161\u012bbas iestat\u012bjumos. Tom\u0113r lietot\u0101jam ir j\u0101patur pr\u0101t\u0101, ka, ja vi\u0146\u0161 izv\u0113l\u0113sies atsp\u0113jot nepiecie\u0161am\u0101s s\u012bkdatnes, vietne nevar\u0113s darboties pareizi.<\/p>\t\t\t\t\t\t\t\t<\/div>\n\t\t\t\t<\/div>\n\t\t\t\t\t<\/div>\n\t\t<\/div>\n\t\t\t\t\t<\/div>\n\t\t<\/section>\n\t\t\t\t\t<\/div>\n\t\t<\/div>\n\t\t\t\t\t<\/div>\n\t\t<\/section>\n\t\t\t\t<\/div>","protected":false},"excerpt":{"rendered":"<p>Cookies Policy Use Of Cookies This website uses cookies to improve website experience of use, evaluate site visit statistics, ensure its performance and functionality etc. We invite you to learn more about the cookies used on this site. What are Cookies? Cookies are small text files which are stored on the browser (such as Google [&hellip;]<\/p>\n","protected":false},"author":1,"featured_media":0,"parent":0,"menu_order":0,"comment_status":"closed","ping_status":"closed","template":"","meta":{"site-sidebar-layout":"no-sidebar","site-content-layout":"page-builder","ast-site-content-layout":"default","site-content-style":"default","site-sidebar-style":"default","ast-global-header-display":"","ast-banner-title-visibility":"","ast-main-header-display":"","ast-hfb-above-header-display":"","ast-hfb-below-header-display":"","ast-hfb-mobile-header-display":"","site-post-title":"disabled","ast-breadcrumbs-content":"disabled","ast-featured-img":"disabled","footer-sml-layout":"","ast-disable-related-posts":"","theme-transparent-header-meta":"enabled","adv-header-id-meta":"","stick-header-meta":"","header-above-stick-meta":"","header-main-stick-meta":"","header-below-stick-meta":"","astra-migrate-meta-layouts":"default","ast-page-background-enabled":"default","ast-page-background-meta":{"desktop":{"background-color":"","background-image":"","background-repeat":"repeat","background-position":"center center","background-size":"auto","background-attachment":"scroll","background-type":"","background-media":"","overlay-type":"","overlay-color":"","overlay-opacity":"","overlay-gradient":""},"tablet":{"background-color":"","background-image":"","background-repeat":"repeat","background-position":"center center","background-size":"auto","background-attachment":"scroll","background-type":"","background-media":"","overlay-type":"","overlay-color":"","overlay-opacity":"","overlay-gradient":""},"mobile":{"background-color":"","background-image":"","background-repeat":"repeat","background-position":"center center","background-size":"auto","background-attachment":"scroll","background-type":"","background-media":"","overlay-type":"","overlay-color":"","overlay-opacity":"","overlay-gradient":""}},"ast-content-background-meta":{"desktop":{"background-color":"var(--ast-global-color-5)","background-image":"","background-repeat":"repeat","background-position":"center center","background-size":"auto","background-attachment":"scroll","background-type":"","background-media":"","overlay-type":"","overlay-color":"","overlay-opacity":"","overlay-gradient":""},"tablet":{"background-color":"var(--ast-global-color-5)","background-image":"","background-repeat":"repeat","background-position":"center center","background-size":"auto","background-attachment":"scroll","background-type":"","background-media":"","overlay-type":"","overlay-color":"","overlay-opacity":"","overlay-gradient":""},"mobile":{"background-color":"var(--ast-global-color-5)","background-image":"","background-repeat":"repeat","background-position":"center center","background-size":"auto","background-attachment":"scroll","background-type":"","background-media":"","overlay-type":"","overlay-color":"","overlay-opacity":"","overlay-gradient":""}},"footnotes":""},"class_list":["post-1183","page","type-page","status-publish","hentry"],"aioseo_notices":[],"_links":{"self":[{"href":"https:\/\/www.rescue.lv\/lv\/wp-json\/wp\/v2\/pages\/1183","targetHints":{"allow":["GET"]}}],"collection":[{"href":"https:\/\/www.rescue.lv\/lv\/wp-json\/wp\/v2\/pages"}],"about":[{"href":"https:\/\/www.rescue.lv\/lv\/wp-json\/wp\/v2\/types\/page"}],"author":[{"embeddable":true,"href":"https:\/\/www.rescue.lv\/lv\/wp-json\/wp\/v2\/users\/1"}],"replies":[{"embeddable":true,"href":"https:\/\/www.rescue.lv\/lv\/wp-json\/wp\/v2\/comments?post=1183"}],"version-history":[{"count":5,"href":"https:\/\/www.rescue.lv\/lv\/wp-json\/wp\/v2\/pages\/1183\/revisions"}],"predecessor-version":[{"id":1247,"href":"https:\/\/www.rescue.lv\/lv\/wp-json\/wp\/v2\/pages\/1183\/revisions\/1247"}],"wp:attachment":[{"href":"https:\/\/www.rescue.lv\/lv\/wp-json\/wp\/v2\/media?parent=1183"}],"curies":[{"name":"wp","href":"https:\/\/api.w.org\/{rel}","templated":true}]}}